{"id":1466,"date":"2023-08-04T13:19:04","date_gmt":"2023-08-04T11:19:04","guid":{"rendered":"https:\/\/borowka-steuerberatung.com\/?page_id=1466"},"modified":"2023-08-11T17:00:22","modified_gmt":"2023-08-11T15:00:22","slug":"digitalisierung","status":"publish","type":"page","link":"https:\/\/borowka-steuerberatung.com\/pl\/digitalisierung\/","title":{"rendered":"Digitalizacja"},"content":{"rendered":"<div data-elementor-type=\"wp-page\" data-elementor-id=\"1466\" class=\"elementor elementor-1466\" data-elementor-post-type=\"page\">\n\t\t\t\t\t\t<section data-dce-background-overlay-color=\"#000000\" data-dce-background-image-url=\"https:\/\/borowka-steuerberatung.com\/wp-content\/uploads\/2023\/08\/Digitalisierung-Hintergrund.jpg\" class=\"elementor-section elementor-top-section elementor-element elementor-element-49f6c76f elementor-section-boxed elementor-section-height-default elementor-section-height-default\" data-id=\"49f6c76f\" data-element_type=\"section\" data-e-type=\"section\" data-settings=\"{&quot;background_background&quot;:&quot;classic&quot;}\">\n\t\t\t\t\t\t\t<div class=\"elementor-background-overlay\"><\/div>\n\t\t\t\t\t\t\t<div class=\"elementor-container elementor-column-gap-no\">\n\t\t\t\t\t<div class=\"elementor-column elementor-col-100 elementor-top-column elementor-element elementor-element-11e544e9 elementor-invisible\" data-id=\"11e544e9\" data-element_type=\"column\" data-e-type=\"column\" data-settings=\"{&quot;animation&quot;:&quot;fadeInUp&quot;}\">\n\t\t\t<div class=\"elementor-widget-wrap elementor-element-populated\">\n\t\t\t\t\t\t<div class=\"elementor-element elementor-element-4c2ef358 elementor-widget elementor-widget-heading\" data-id=\"4c2ef358\" data-element_type=\"widget\" data-e-type=\"widget\" data-widget_type=\"heading.default\">\n\t\t\t\t<div class=\"elementor-widget-container\">\n\t\t\t\t\t<h2 class=\"elementor-heading-title elementor-size-default\">Borowka Steuerberatungsgesellschaft mbH<\/h2>\t\t\t\t<\/div>\n\t\t\t\t<\/div>\n\t\t\t\t<div class=\"elementor-element elementor-element-40867384 elementor-widget elementor-widget-heading\" data-id=\"40867384\" data-element_type=\"widget\" data-e-type=\"widget\" data-widget_type=\"heading.default\">\n\t\t\t\t<div class=\"elementor-widget-container\">\n\t\t\t\t\t<h2 class=\"elementor-heading-title elementor-size-default\">Digitalizacja<\/h2>\t\t\t\t<\/div>\n\t\t\t\t<\/div>\n\t\t\t\t<div class=\"elementor-element elementor-element-42d89798 elementor-widget-divider--view-line elementor-invisible elementor-widget elementor-widget-divider\" data-id=\"42d89798\" data-element_type=\"widget\" data-e-type=\"widget\" data-settings=\"{&quot;_animation&quot;:&quot;fadeIn&quot;}\" data-widget_type=\"divider.default\">\n\t\t\t\t<div class=\"elementor-widget-container\">\n\t\t\t\t\t\t\t<div class=\"elementor-divider\">\n\t\t\t<span class=\"elementor-divider-separator\">\n\t\t\t\t\t\t<\/span>\n\t\t<\/div>\n\t\t\t\t\t\t<\/div>\n\t\t\t\t<\/div>\n\t\t\t\t\t<\/div>\n\t\t<\/div>\n\t\t\t\t\t<\/div>\n\t\t<\/section>\n\t\t\t\t<section data-dce-background-color=\"#F6F6F7\" class=\"elementor-section elementor-top-section elementor-element elementor-element-613c528a elementor-section-boxed elementor-section-height-default elementor-section-height-default\" data-id=\"613c528a\" data-element_type=\"section\" data-e-type=\"section\" data-settings=\"{&quot;background_background&quot;:&quot;classic&quot;}\">\n\t\t\t\t\t\t<div class=\"elementor-container elementor-column-gap-default\">\n\t\t\t\t\t<div class=\"elementor-column elementor-col-100 elementor-top-column elementor-element elementor-element-7ac32631\" data-id=\"7ac32631\" data-element_type=\"column\" data-e-type=\"column\">\n\t\t\t<div class=\"elementor-widget-wrap elementor-element-populated\">\n\t\t\t\t\t\t<section class=\"elementor-section elementor-inner-section elementor-element elementor-element-36554d83 elementor-section-full_width elementor-section-height-default elementor-section-height-default elementor-invisible\" data-id=\"36554d83\" data-element_type=\"section\" data-e-type=\"section\" data-settings=\"{&quot;animation&quot;:&quot;fadeInUp&quot;,&quot;animation_delay&quot;:100}\">\n\t\t\t\t\t\t<div class=\"elementor-container elementor-column-gap-no\">\n\t\t\t\t\t<div class=\"elementor-column elementor-col-100 elementor-inner-column elementor-element elementor-element-d459485\" data-id=\"d459485\" data-element_type=\"column\" data-e-type=\"column\">\n\t\t\t<div class=\"elementor-widget-wrap elementor-element-populated\">\n\t\t\t\t\t\t<section class=\"elementor-section elementor-inner-section elementor-element elementor-element-29a88c16 elementor-section-boxed elementor-section-height-default elementor-section-height-default\" data-id=\"29a88c16\" data-element_type=\"section\" data-e-type=\"section\">\n\t\t\t\t\t\t<div class=\"elementor-container elementor-column-gap-no\">\n\t\t\t\t\t<div class=\"elementor-column elementor-col-100 elementor-inner-column elementor-element elementor-element-1490c1da\" data-id=\"1490c1da\" data-element_type=\"column\" data-e-type=\"column\" data-settings=\"{&quot;background_background&quot;:&quot;classic&quot;}\">\n\t\t\t<div class=\"elementor-widget-wrap elementor-element-populated\">\n\t\t\t\t\t\t<div class=\"elementor-element elementor-element-4c2f612a elementor-widget elementor-widget-heading\" data-id=\"4c2f612a\" data-element_type=\"widget\" data-e-type=\"widget\" data-widget_type=\"heading.default\">\n\t\t\t\t<div class=\"elementor-widget-container\">\n\t\t\t\t\t<h2 class=\"elementor-heading-title elementor-size-default\">Ksi\u0119gowo\u015b\u0107 cyfrowa  \n<\/h2>\t\t\t\t<\/div>\n\t\t\t\t<\/div>\n\t\t\t\t<div class=\"elementor-element elementor-element-10853a0 dce_masking-none elementor-widget elementor-widget-image\" data-id=\"10853a0\" data-element_type=\"widget\" data-e-type=\"widget\" data-widget_type=\"image.default\">\n\t\t\t\t<div class=\"elementor-widget-container\">\n\t\t\t\t\t\t\t\t\t\t\t\t\t\t\t<img fetchpriority=\"high\" decoding=\"async\" width=\"800\" height=\"363\" src=\"https:\/\/borowka-steuerberatung.com\/wp-content\/uploads\/2023\/08\/Borowka-Steuerberatung-Digitalisierung-Hintergrund-1024x464.jpg\" class=\"attachment-large size-large wp-image-1732\" alt=\"\" srcset=\"https:\/\/borowka-steuerberatung.com\/wp-content\/uploads\/2023\/08\/Borowka-Steuerberatung-Digitalisierung-Hintergrund-1024x464.jpg 1024w, https:\/\/borowka-steuerberatung.com\/wp-content\/uploads\/2023\/08\/Borowka-Steuerberatung-Digitalisierung-Hintergrund-300x136.jpg 300w, https:\/\/borowka-steuerberatung.com\/wp-content\/uploads\/2023\/08\/Borowka-Steuerberatung-Digitalisierung-Hintergrund-768x348.jpg 768w, https:\/\/borowka-steuerberatung.com\/wp-content\/uploads\/2023\/08\/Borowka-Steuerberatung-Digitalisierung-Hintergrund-1536x697.jpg 1536w, https:\/\/borowka-steuerberatung.com\/wp-content\/uploads\/2023\/08\/Borowka-Steuerberatung-Digitalisierung-Hintergrund-18x8.jpg 18w, https:\/\/borowka-steuerberatung.com\/wp-content\/uploads\/2023\/08\/Borowka-Steuerberatung-Digitalisierung-Hintergrund.jpg 2000w\" sizes=\"(max-width: 800px) 100vw, 800px\" \/>\t\t\t\t\t\t\t\t\t\t\t\t\t\t\t<\/div>\n\t\t\t\t<\/div>\n\t\t\t\t<div class=\"elementor-element elementor-element-b88e6a9 elementor-widget elementor-widget-text-editor\" data-id=\"b88e6a9\" data-element_type=\"widget\" data-e-type=\"widget\" data-widget_type=\"text-editor.default\">\n\t\t\t\t<div class=\"elementor-widget-container\">\n\t\t\t\t\t\t\t\t\t<p>Od dawna marzy\u0142e\u015b o prostym prowadzeniu ksi\u0119gowo\u015bci? Jeste\u015bmy dok\u0142adnie tym, czego szukasz! Aby\u015b m\u00f3g\u0142 si\u0119 ca\u0142kowicie skupi\u0107 na swoim biznesie, ch\u0119tnie zajmiemy si\u0119 Twoj\u0105 ksi\u0119gowo\u015bci\u0105. Wi\u0119kszo\u015b\u0107 naszych klient\u00f3w korzysta ju\u017c w du\u017cej mierze z nowych proces\u00f3w cyfrowych, kt\u00f3re pozwalaj\u0105 im oszcz\u0119dza\u0107 czas i unika\u0107 zb\u0119dnego papieru. Dzi\u0119ki nowym procesom cyfrowym mo\u017cemy umo\u017cliwi\u0107 Ci wysy\u0142anie do nas wszystkich dowod\u00f3w, wyci\u0105g\u00f3w bankowych i faktur w prosty spos\u00f3b. Wszystkie dokumenty s\u0105 u nas przechowywane i s\u0105 dla Ciebie zawsze dost\u0119pne w formie cyfrowej. W przypadku kontroli nie musisz ju\u017c wozi\u0107 segregator\u00f3w z miejsca na miejsce; zamiast tego wszystko b\u0119dziesz mia\u0142 dost\u0119pne w formie pendrive`a, kt\u00f3ry na \u017cyczenie jest przekazywany odpowiednim w\u0142adzom. Je\u015bli ca\u0142a ta sytuacja jest dla Ciebie problematyczna, ch\u0119tnie pomo\u017cemy i zajmiemy si\u0119 ca\u0142ym procesem.<\/p><p>Oferujemy Pa\u0144stwu nast\u0119puj\u0105ce korzy\u015bci:<\/p>\t\t\t\t\t\t\t\t<\/div>\n\t\t\t\t<\/div>\n\t\t\t\t<div class=\"elementor-element elementor-element-860290b elementor-icon-list--layout-traditional elementor-list-item-link-full_width elementor-widget elementor-widget-icon-list\" data-id=\"860290b\" data-element_type=\"widget\" data-e-type=\"widget\" data-widget_type=\"icon-list.default\">\n\t\t\t\t<div class=\"elementor-widget-container\">\n\t\t\t\t\t\t\t<ul class=\"elementor-icon-list-items\">\n\t\t\t\t\t\t\t<li class=\"elementor-icon-list-item\">\n\t\t\t\t\t\t\t\t\t\t\t<span class=\"elementor-icon-list-icon\">\n\t\t\t\t\t\t\t<i aria-hidden=\"true\" class=\"fas fa-check\"><\/i>\t\t\t\t\t\t<\/span>\n\t\t\t\t\t\t\t\t\t\t<span class=\"elementor-icon-list-text\">Cyfrowe raporty dost\u0119pne w ka\u017cdym momencie <\/span>\n\t\t\t\t\t\t\t\t\t<\/li>\n\t\t\t\t\t\t\t\t<li class=\"elementor-icon-list-item\">\n\t\t\t\t\t\t\t\t\t\t\t<span class=\"elementor-icon-list-icon\">\n\t\t\t\t\t\t\t<i aria-hidden=\"true\" class=\"fas fa-check\"><\/i>\t\t\t\t\t\t<\/span>\n\t\t\t\t\t\t\t\t\t\t<span class=\"elementor-icon-list-text\">Cyfrowy przesy\u0142 rachunk\u00f3w za pomoc\u0105 portalu do przesy\u0142ania, aplikacji lub e-maila <\/span>\n\t\t\t\t\t\t\t\t\t<\/li>\n\t\t\t\t\t\t\t\t<li class=\"elementor-icon-list-item\">\n\t\t\t\t\t\t\t\t\t\t\t<span class=\"elementor-icon-list-icon\">\n\t\t\t\t\t\t\t<i aria-hidden=\"true\" class=\"fas fa-check\"><\/i>\t\t\t\t\t\t<\/span>\n\t\t\t\t\t\t\t\t\t\t<span class=\"elementor-icon-list-text\">Ksi\u0119gowo\u015b\u0107 p\u0142ac:  <\/span>\n\t\t\t\t\t\t\t\t\t<\/li>\n\t\t\t\t\t\t<\/ul>\n\t\t\t\t\t\t<\/div>\n\t\t\t\t<\/div>\n\t\t\t\t<div class=\"elementor-element elementor-element-acf6dca elementor-icon-list--layout-traditional elementor-list-item-link-full_width elementor-widget elementor-widget-icon-list\" data-id=\"acf6dca\" data-element_type=\"widget\" data-e-type=\"widget\" data-widget_type=\"icon-list.default\">\n\t\t\t\t<div class=\"elementor-widget-container\">\n\t\t\t\t\t\t\t<ul class=\"elementor-icon-list-items\">\n\t\t\t\t\t\t\t<li class=\"elementor-icon-list-item\">\n\t\t\t\t\t\t\t\t\t\t<span class=\"elementor-icon-list-text\">- Erstellung Lohn &amp; Gehaltsabrechnungen <\/span>\n\t\t\t\t\t\t\t\t\t<\/li>\n\t\t\t\t\t\t\t\t<li class=\"elementor-icon-list-item\">\n\t\t\t\t\t\t\t\t\t\t<span class=\"elementor-icon-list-text\">Prowadzenie danych podstawowych pracownik\u00f3w<\/span>\n\t\t\t\t\t\t\t\t\t<\/li>\n\t\t\t\t\t\t\t\t<li class=\"elementor-icon-list-item\">\n\t\t\t\t\t\t\t\t\t\t<span class=\"elementor-icon-list-text\">Prowadzenie kont p\u0142acowych <\/span>\n\t\t\t\t\t\t\t\t\t<\/li>\n\t\t\t\t\t\t\t\t<li class=\"elementor-icon-list-item\">\n\t\t\t\t\t\t\t\t\t\t<span class=\"elementor-icon-list-text\">Zg\u0142aszanie wymaganych op\u0142at, takich jak podatek dochodowy i inne <\/span>\n\t\t\t\t\t\t\t\t\t<\/li>\n\t\t\t\t\t\t\t\t<li class=\"elementor-icon-list-item\">\n\t\t\t\t\t\t\t\t\t\t<span class=\"elementor-icon-list-text\">Przesy\u0142anie r\u00f3\u017cnych po\u015bwiadcze\u0144 <\/span>\n\t\t\t\t\t\t\t\t\t<\/li>\n\t\t\t\t\t\t<\/ul>\n\t\t\t\t\t\t<\/div>\n\t\t\t\t<\/div>\n\t\t\t\t<div class=\"elementor-element elementor-element-69947f0 elementor-icon-list--layout-traditional elementor-list-item-link-full_width elementor-widget elementor-widget-icon-list\" data-id=\"69947f0\" data-element_type=\"widget\" data-e-type=\"widget\" data-widget_type=\"icon-list.default\">\n\t\t\t\t<div class=\"elementor-widget-container\">\n\t\t\t\t\t\t\t<ul class=\"elementor-icon-list-items\">\n\t\t\t\t\t\t\t<li class=\"elementor-icon-list-item\">\n\t\t\t\t\t\t\t\t\t\t\t<span class=\"elementor-icon-list-icon\">\n\t\t\t\t\t\t\t<i aria-hidden=\"true\" class=\"fas fa-check\"><\/i>\t\t\t\t\t\t<\/span>\n\t\t\t\t\t\t\t\t\t\t<span class=\"elementor-icon-list-text\">Ksi\u0119gowo\u015b\u0107 finansowa:  <\/span>\n\t\t\t\t\t\t\t\t\t<\/li>\n\t\t\t\t\t\t<\/ul>\n\t\t\t\t\t\t<\/div>\n\t\t\t\t<\/div>\n\t\t\t\t<div class=\"elementor-element elementor-element-71146d9 elementor-icon-list--layout-traditional elementor-list-item-link-full_width elementor-widget elementor-widget-icon-list\" data-id=\"71146d9\" data-element_type=\"widget\" data-e-type=\"widget\" data-widget_type=\"icon-list.default\">\n\t\t\t\t<div class=\"elementor-widget-container\">\n\t\t\t\t\t\t\t<ul class=\"elementor-icon-list-items\">\n\t\t\t\t\t\t\t<li class=\"elementor-icon-list-item\">\n\t\t\t\t\t\t\t\t\t\t<span class=\"elementor-icon-list-text\">Stworzenie lub przej\u0119cie ksi\u0119gowo\u015bci<\/span>\n\t\t\t\t\t\t\t\t\t<\/li>\n\t\t\t\t\t\t\t\t<li class=\"elementor-icon-list-item\">\n\t\t\t\t\t\t\t\t\t\t<span class=\"elementor-icon-list-text\">Ustawianie interfejs\u00f3w <\/span>\n\t\t\t\t\t\t\t\t\t<\/li>\n\t\t\t\t\t\t\t\t<li class=\"elementor-icon-list-item\">\n\t\t\t\t\t\t\t\t\t\t<span class=\"elementor-icon-list-text\">Przekazywanie zg\u0142oszenia wst\u0119pnego podatku VAT <\/span>\n\t\t\t\t\t\t\t\t\t<\/li>\n\t\t\t\t\t\t\t\t<li class=\"elementor-icon-list-item\">\n\t\t\t\t\t\t\t\t\t\t<span class=\"elementor-icon-list-text\">Tworzenie raport\u00f3w operacyjnych.<\/span>\n\t\t\t\t\t\t\t\t\t<\/li>\n\t\t\t\t\t\t<\/ul>\n\t\t\t\t\t\t<\/div>\n\t\t\t\t<\/div>\n\t\t\t\t\t<\/div>\n\t\t<\/div>\n\t\t\t\t\t<\/div>\n\t\t<\/section>\n\t\t\t\t\t<\/div>\n\t\t<\/div>\n\t\t\t\t\t<\/div>\n\t\t<\/section>\n\t\t\t\t\t<\/div>\n\t\t<\/div>\n\t\t\t\t\t<\/div>\n\t\t<\/section>\n\t\t\t\t<section data-dce-background-overlay-color=\"#000000\" data-dce-background-image-url=\"https:\/\/borowka-steuerberatung.com\/wp-content\/uploads\/2021\/04\/bg.jpg\" class=\"elementor-section elementor-top-section elementor-element elementor-element-211ca49d elementor-section-boxed elementor-section-height-default elementor-section-height-default\" data-id=\"211ca49d\" data-element_type=\"section\" data-e-type=\"section\" data-settings=\"{&quot;background_background&quot;:&quot;classic&quot;}\">\n\t\t\t\t\t\t\t<div class=\"elementor-background-overlay\"><\/div>\n\t\t\t\t\t\t\t<div class=\"elementor-container elementor-column-gap-no\">\n\t\t\t\t\t<div class=\"elementor-column elementor-col-100 elementor-top-column elementor-element elementor-element-32943fe8\" data-id=\"32943fe8\" data-element_type=\"column\" data-e-type=\"column\">\n\t\t\t<div class=\"elementor-widget-wrap elementor-element-populated\">\n\t\t\t\t\t\t<div class=\"elementor-element elementor-element-2b53a475 elementor-invisible elementor-widget elementor-widget-heading\" data-id=\"2b53a475\" data-element_type=\"widget\" data-e-type=\"widget\" data-settings=\"{&quot;_animation&quot;:&quot;fadeInUp&quot;,&quot;_animation_delay&quot;:100}\" data-widget_type=\"heading.default\">\n\t\t\t\t<div class=\"elementor-widget-container\">\n\t\t\t\t\t<h2 class=\"elementor-heading-title elementor-size-default\">Aktualne informacje z naszej kancelarii:<\/h2>\t\t\t\t<\/div>\n\t\t\t\t<\/div>\n\t\t\t\t<div data-dce-background-color=\"rgba(255,255,255,0)\" class=\"elementor-element elementor-element-62333ea4 elementor-align-center elementor-invisible elementor-widget elementor-widget-button\" data-id=\"62333ea4\" data-element_type=\"widget\" data-e-type=\"widget\" data-settings=\"{&quot;_animation&quot;:&quot;fadeInUp&quot;,&quot;_animation_delay&quot;:300}\" data-widget_type=\"button.default\">\n\t\t\t\t<div class=\"elementor-widget-container\">\n\t\t\t\t\t\t\t\t\t<div class=\"elementor-button-wrapper\">\n\t\t\t\t\t<a class=\"elementor-button elementor-button-link elementor-size-md elementor-animation-sink\" href=\"#\">\n\t\t\t\t\t\t<span class=\"elementor-button-content-wrapper\">\n\t\t\t\t\t\t\t\t\t<span class=\"elementor-button-text\">Aktualno\u015bci<\/span>\n\t\t\t\t\t<\/span>\n\t\t\t\t\t<\/a>\n\t\t\t\t<\/div>\n\t\t\t\t\t\t\t\t<\/div>\n\t\t\t\t<\/div>\n\t\t\t\t\t<\/div>\n\t\t<\/div>\n\t\t\t\t\t<\/div>\n\t\t<\/section>\n\t\t\t\t<\/div>","protected":false},"excerpt":{"rendered":"<p>Borowka Steuerberatungsgesellschaft mbH Digitalisierung Digitale Buchf\u00fchrung Sie w\u00fcnschen sich schon lange eine unkomplizierte Buchf\u00fchrung? Dann sind wir genau die richtigen f\u00fcr Sie! Damit Sie sich voll und ganz auf Ihr Business konzentrieren k\u00f6nnen, \u00fcbernehmen wir gern f\u00fcr Sie Ihre Lohn- und Finanzbuchhaltung. Unsere Mandanten profitieren bereits zum gr\u00f6\u00dften Teil von den neuen digitalen Prozessen, welche [&hellip;]<\/p>\n","protected":false},"author":1,"featured_media":0,"parent":0,"menu_order":0,"comment_status":"closed","ping_status":"closed","template":"elementor_header_footer","meta":{"footnotes":""},"class_list":["post-1466","page","type-page","status-publish","hentry"],"_links":{"self":[{"href":"https:\/\/borowka-steuerberatung.com\/pl\/wp-json\/wp\/v2\/pages\/1466","targetHints":{"allow":["GET"]}}],"collection":[{"href":"https:\/\/borowka-steuerberatung.com\/pl\/wp-json\/wp\/v2\/pages"}],"about":[{"href":"https:\/\/borowka-steuerberatung.com\/pl\/wp-json\/wp\/v2\/types\/page"}],"author":[{"embeddable":true,"href":"https:\/\/borowka-steuerberatung.com\/pl\/wp-json\/wp\/v2\/users\/1"}],"replies":[{"embeddable":true,"href":"https:\/\/borowka-steuerberatung.com\/pl\/wp-json\/wp\/v2\/comments?post=1466"}],"version-history":[{"count":22,"href":"https:\/\/borowka-steuerberatung.com\/pl\/wp-json\/wp\/v2\/pages\/1466\/revisions"}],"predecessor-version":[{"id":1738,"href":"https:\/\/borowka-steuerberatung.com\/pl\/wp-json\/wp\/v2\/pages\/1466\/revisions\/1738"}],"wp:attachment":[{"href":"https:\/\/borowka-steuerberatung.com\/pl\/wp-json\/wp\/v2\/media?parent=1466"}],"curies":[{"name":"wp","href":"https:\/\/api.w.org\/{rel}","templated":true}]}}